{"id":12,"date":"2018-09-25T09:22:37","date_gmt":"2018-09-25T09:22:37","guid":{"rendered":"https:\/\/zupnija-knezak.rkc.si\/?page_id=12"},"modified":"2026-04-25T22:14:37","modified_gmt":"2026-04-25T20:14:37","slug":"urnik-svetih-mas","status":"publish","type":"page","link":"http:\/\/zupnija-knezak.rkc.si\/index.php\/urnik-svetih-mas\/","title":{"rendered":"Urnik sv. ma\u0161"},"content":{"rendered":"<p><a href=\"http:\/\/zupnija-knezak.rkc.si\/wp-content\/uploads\/2026\/04\/oznanilo-381.pdf\">oznanilo-381<\/a> <img loading=\"lazy\" decoding=\"async\" class=\"alignnone size-full wp-image-1698\" src=\"http:\/\/zupnija-knezak.rkc.si\/wp-content\/uploads\/2026\/04\/Posnetek-zaslona-2026-04-25-221324.png\" alt=\"\" width=\"690\" height=\"974\" srcset=\"http:\/\/zupnija-knezak.rkc.si\/wp-content\/uploads\/2026\/04\/Posnetek-zaslona-2026-04-25-221324.png 690w, http:\/\/zupnija-knezak.rkc.si\/wp-content\/uploads\/2026\/04\/Posnetek-zaslona-2026-04-25-221324-213x300.png 213w\" sizes=\"auto, (max-width: 690px) 100vw, 690px\" \/><\/p>\n<p>&nbsp;<\/p>\n<hr \/>\n<div class=\"block-recommend\">\n<div class=\"content\">\n<p><span style=\"font-family: arial, helvetica, sans-serif; font-size: 14pt;\">Za vse dokumente, pogreb, obhajilo bolnikov ali ma\u0161ne namene pokli\u010dite ali se oglasite v \u017eupni\u0161\u010du. Ma\u0161e so redno ob nedeljah ob 10. 00 (poleti ob 9.00), na delavnike zve\u010der (izjemoma zjutraj), redno v Kne\u017eaku, sicer je naveden kraj. Zaradi pogreba, osmine in ma\u0161e 30. dne lahko pride do sprememb.<\/span><br \/>\n<span style=\"font-family: arial, helvetica, sans-serif; font-size: 14pt;\">Za krst se star\u0161i dogovorite z \u017eupnikom; krst je v \u017eupnijski cerkvi ob nedeljah po kon\u010dani pripravi za star\u0161e &#8211; obvezno za krst prvega otroka (prve tri sobote v navedenih mesecih ob 16h v \u017eupni\u0161\u010du v Ilirski Bistrici: februar, april, junij, september, november). Za krst star\u0161i dobijo botra (in botro). Krstni boter oz. boter in botra mora(ta) izpolnjevati pogoje za to slu\u017ebo v Cerkvi.<\/span><br \/>\n<span style=\"font-family: arial, helvetica, sans-serif; font-size: 14pt;\">Za poroko se par dogovori z \u017eupnikom. Obvezna priprava na poroko \u2013 ve\u010d informacij na spletnih straneh \u0160kofije Koper.<\/span><\/p>\n<p><span style=\"font-family: arial, helvetica, sans-serif; font-size: 14pt;\">\u017dupnijski urad Kne\u017eak, 6253 Kne\u017eak 151;05 788 00 07, 041 338 915; zupnija.knezak@gmail.com; TRR: SI56 9067 2000 0106 373.<\/span><\/p>\n<\/div>\n<\/div>\n","protected":false},"excerpt":{"rendered":"<p>oznanilo-381 &nbsp; Za vse dokumente, pogreb, obhajilo bolnikov ali ma\u0161ne namene pokli\u010dite ali se oglasite v \u017eupni\u0161\u010du. Ma\u0161e so redno ob nedeljah ob 10. 00 (poleti ob 9.00), na delavnike zve\u010der (izjemoma zjutraj), redno v Kne\u017eaku, sicer je naveden kraj. Zaradi pogreba, osmine in ma\u0161e 30. dne lahko pride do sprememb. Za krst se star\u0161i <a class=\"read-more\" href=\"http:\/\/zupnija-knezak.rkc.si\/index.php\/urnik-svetih-mas\/\">Preberi ve\u010d<\/a><\/p>\n","protected":false},"author":2,"featured_media":95,"parent":0,"menu_order":0,"comment_status":"closed","ping_status":"closed","template":"","meta":{"footnotes":""},"class_list":["post-12","page","type-page","status-publish","has-post-thumbnail","hentry"],"_links":{"self":[{"href":"http:\/\/zupnija-knezak.rkc.si\/index.php\/wp-json\/wp\/v2\/pages\/12","targetHints":{"allow":["GET"]}}],"collection":[{"href":"http:\/\/zupnija-knezak.rkc.si\/index.php\/wp-json\/wp\/v2\/pages"}],"about":[{"href":"http:\/\/zupnija-knezak.rkc.si\/index.php\/wp-json\/wp\/v2\/types\/page"}],"author":[{"embeddable":true,"href":"http:\/\/zupnija-knezak.rkc.si\/index.php\/wp-json\/wp\/v2\/users\/2"}],"replies":[{"embeddable":true,"href":"http:\/\/zupnija-knezak.rkc.si\/index.php\/wp-json\/wp\/v2\/comments?post=12"}],"version-history":[{"count":212,"href":"http:\/\/zupnija-knezak.rkc.si\/index.php\/wp-json\/wp\/v2\/pages\/12\/revisions"}],"predecessor-version":[{"id":1699,"href":"http:\/\/zupnija-knezak.rkc.si\/index.php\/wp-json\/wp\/v2\/pages\/12\/revisions\/1699"}],"wp:featuredmedia":[{"embeddable":true,"href":"http:\/\/zupnija-knezak.rkc.si\/index.php\/wp-json\/wp\/v2\/media\/95"}],"wp:attachment":[{"href":"http:\/\/zupnija-knezak.rkc.si\/index.php\/wp-json\/wp\/v2\/media?parent=12"}],"curies":[{"name":"wp","href":"https:\/\/api.w.org\/{rel}","templated":true}]}}