{"id":1313,"date":"2024-06-24T15:45:20","date_gmt":"2024-06-24T13:45:20","guid":{"rendered":"https:\/\/zupnija-knezak.rkc.si\/?page_id=1313"},"modified":"2026-05-10T16:58:30","modified_gmt":"2026-05-10T14:58:30","slug":"obvestila","status":"publish","type":"page","link":"http:\/\/zupnija-knezak.rkc.si\/index.php\/obvestila\/","title":{"rendered":"Obvestila"},"content":{"rendered":"<p><span style=\"font-size: 14pt;\">\u2022 PRAZNIK PRVEGA SV. OBHAJILA je danes za: Ulo N., Saro, Ulo S., Nu\u0161ko, Mijo in Ano ter za Jona, Tilna, Maja , Lovrenca, Jaka in \u017digo. \u010cestitamo in se z njimi veselimo! <\/span><\/p>\n<p><span style=\"font-size: 14pt;\">\u2022 \u0160MARNICE v mesecu maju ob \u010de\u0161\u010denju Bo\u017eje Matere Marije z moli-tvijo in petjem beremo pripravljeno gradivo: letos ob 30 letnici prvega obiska pape\u017ea sv. Janeza Pavla II. v Sloveniji. <\/span><\/p>\n<p><span style=\"font-size: 14pt;\">\u2022 SRE\u010cANJE s strokovnim predava-njem za krasilke in krasilce cerkva in za tiste, ki \u010distijo cerkev in skrbijo za cerkveno perilo, bo v soboto, 16. Maja, z za\u010detkom ob 9h, v prostorih \u0161kofijske gimnazije v Vipavi. <\/span><\/p>\n<p><span style=\"font-size: 14pt;\">\u2022 FESTIVAL sodobne kr\u0161\u010danske glas-be Ritem srca. Radio Ognji\u0161\u010de vas vabi na ta dogodek, ki bo v \u010detrtek, 21. maja, ob 19.30 na forumu Zavo-da sv. Stanislava v \u0160entvidu. \u017de od 17.30 dalje pa bo tam pestro doga-janje ob stojnicah z dobro hrano. Otroci do 10. leta imajo vstop prost. Pridite, da skupaj slavimo Boga s pesmijo! Vstopnico, ki je lahko lepo darilo, lahko kupite na spletni strani Katoli\u0161ke mladine! <\/span><\/p>\n<p><span style=\"font-size: 14pt;\">\u2022 DAROVI: za cerkev sv. Ane ob po-grebu +Ivanke T. 523 \u20ac; darovi za obnovo zvonjenja 325 \u20ac. Hvala in Bog povrni! <\/span><\/p>\n<p><span style=\"font-size: 14pt;\">\u2022 \u0160ALA MALA. Zakaj pa tvoja ses-trica tako joka? Ker ni imela majskih po\u010ditnic. Zakaj jih pa ni imela? Ker \u0161e ne hodi v \u0161olo.<\/span><\/p>\n","protected":false},"excerpt":{"rendered":"<p>\u2022 PRAZNIK PRVEGA SV. OBHAJILA je danes za: Ulo N., Saro, Ulo S., Nu\u0161ko, Mijo in Ano ter za Jona, Tilna, Maja , Lovrenca, Jaka in \u017digo. \u010cestitamo in se z njimi veselimo! \u2022 \u0160MARNICE v mesecu maju ob \u010de\u0161\u010denju Bo\u017eje Matere Marije z moli-tvijo in petjem beremo pripravljeno gradivo: letos ob 30 letnici prvega <a class=\"read-more\" href=\"http:\/\/zupnija-knezak.rkc.si\/index.php\/obvestila\/\">Preberi ve\u010d<\/a><\/p>\n","protected":false},"author":2,"featured_media":0,"parent":0,"menu_order":0,"comment_status":"closed","ping_status":"closed","template":"","meta":{"footnotes":""},"class_list":["post-1313","page","type-page","status-publish","hentry"],"_links":{"self":[{"href":"http:\/\/zupnija-knezak.rkc.si\/index.php\/wp-json\/wp\/v2\/pages\/1313","targetHints":{"allow":["GET"]}}],"collection":[{"href":"http:\/\/zupnija-knezak.rkc.si\/index.php\/wp-json\/wp\/v2\/pages"}],"about":[{"href":"http:\/\/zupnija-knezak.rkc.si\/index.php\/wp-json\/wp\/v2\/types\/page"}],"author":[{"embeddable":true,"href":"http:\/\/zupnija-knezak.rkc.si\/index.php\/wp-json\/wp\/v2\/users\/2"}],"replies":[{"embeddable":true,"href":"http:\/\/zupnija-knezak.rkc.si\/index.php\/wp-json\/wp\/v2\/comments?post=1313"}],"version-history":[{"count":7,"href":"http:\/\/zupnija-knezak.rkc.si\/index.php\/wp-json\/wp\/v2\/pages\/1313\/revisions"}],"predecessor-version":[{"id":1706,"href":"http:\/\/zupnija-knezak.rkc.si\/index.php\/wp-json\/wp\/v2\/pages\/1313\/revisions\/1706"}],"wp:attachment":[{"href":"http:\/\/zupnija-knezak.rkc.si\/index.php\/wp-json\/wp\/v2\/media?parent=1313"}],"curies":[{"name":"wp","href":"https:\/\/api.w.org\/{rel}","templated":true}]}}