{"id":9,"date":"2018-09-25T09:19:16","date_gmt":"2018-09-25T09:19:16","guid":{"rendered":"https:\/\/zupnija-knezak.rkc.si\/?page_id=9"},"modified":"2026-04-25T22:15:38","modified_gmt":"2026-04-25T20:15:38","slug":"oznanila","status":"publish","type":"page","link":"http:\/\/zupnija-knezak.rkc.si\/index.php\/oznanila\/","title":{"rendered":"Oznanila"},"content":{"rendered":"<p><span style=\"font-family: arial, helvetica, sans-serif; font-size: 14pt; color: #3366ff;\">Preberite Oznanilo \u2013 glasilo \u017eupnije Kne\u017eak.<\/span><br \/>\n<span style=\"font-family: arial, helvetica, sans-serif; font-size: 14pt;\">S klikom na povezavo jih lahko prenesete v PDF obliki.<\/span><\/p>\n<p><span style=\"font-size: 14pt;\">TELEFONI BOLNI\u0160KIH DUHOVNIKOV <\/span><span style=\"font-size: 14pt;\">V \u0160KOFIJI KOPER: <a href=\"https:\/\/zupnija-knezak.rkc.si\/dokumenti\/tbd.pdf\">klikni tukaj za ogled<\/a><\/span><strong><br \/>\n<\/strong><\/p>\n<p><span style=\"font-size: 14pt;\">\u017dupnijsko oznanilo 381 &#8211; od 26.04. do 10.05.2026:\u00a0 <a href=\"https:\/\/zupnija-knezak.rkc.si\/dokumenti\/oznanilo-381.pdf\" target=\"_blank\" rel=\"noopener noreferrer\">klikni tukaj za ogled<\/a><\/span><\/p>\n<p><span style=\"font-size: 14pt;\">\u017dupnijsko oznanilo 380 &#8211; od 12.04. do 26.04.2026:\u00a0 <a href=\"https:\/\/zupnija-knezak.rkc.si\/dokumenti\/oznanilo-380.pdf\" target=\"_blank\" rel=\"noopener noreferrer\">klikni tukaj za ogled<\/a><\/span><\/p>\n<p><span style=\"font-size: 14pt;\">\u017dupnijsko oznanilo 379 &#8211; od 29.03. do 12.04.2026:\u00a0 <a href=\"https:\/\/zupnija-knezak.rkc.si\/dokumenti\/oznanilo-379.pdf\" target=\"_blank\" rel=\"noopener noreferrer\">klikni tukaj za ogled<\/a><\/span><\/p>\n<p><span style=\"font-size: 14pt;\">\u017dupnijsko oznanilo 378 &#8211; od 15.03. do 29.03.2026:\u00a0 <a href=\"https:\/\/zupnija-knezak.rkc.si\/dokumenti\/oznanilo-378.pdf\" target=\"_blank\" rel=\"noopener noreferrer\">klikni tukaj za ogled<\/a><\/span><\/p>\n<p><span style=\"font-size: 14pt;\">\u017dupnijsko oznanilo 377 &#8211; od 01.03. do 15.03.2026:\u00a0 <a href=\"https:\/\/zupnija-knezak.rkc.si\/dokumenti\/oznanilo-377.pdf\" target=\"_blank\" rel=\"noopener noreferrer\">klikni tukaj za ogled<\/a><\/span><\/p>\n<p><span style=\"font-size: 14pt;\">\u017dupnijsko oznanilo 376 &#8211; od 15.02. do 01.03.2026:\u00a0 <a href=\"https:\/\/zupnija-knezak.rkc.si\/dokumenti\/oznanilo-376.pdf\" target=\"_blank\" rel=\"noopener noreferrer\">klikni tukaj za ogled<\/a><\/span><\/p>\n<p><span style=\"font-size: 14pt;\">\u017dupnijsko oznanilo 375 &#8211; od 01.02. do 15.02.2026:\u00a0 <a href=\"https:\/\/zupnija-knezak.rkc.si\/dokumenti\/oznanilo-375.pdf\" target=\"_blank\" rel=\"noopener noreferrer\">klikni tukaj za ogled<\/a><\/span><\/p>\n<p><span style=\"font-size: 14pt;\">\u017dupnijsko oznanilo 374 &#8211; od 18.01. do 01.02.2026:\u00a0 <a href=\"https:\/\/zupnija-knezak.rkc.si\/dokumenti\/oznanilo-374.pdf\" target=\"_blank\" rel=\"noopener noreferrer\">klikni tukaj za ogled<\/a><\/span><\/p>\n<p><span style=\"font-size: 14pt;\">\u017dupnijsko oznanilo 373 &#8211; od 04.01. do 18.02.2026:\u00a0 <a href=\"https:\/\/zupnija-knezak.rkc.si\/dokumenti\/oznanilo-373.pdf\" target=\"_blank\" rel=\"noopener noreferrer\">klikni tukaj za ogled<\/a><\/span><\/p>\n<p><span style=\"font-size: 14pt;\">\u017dupnijsko oznanilo 372 &#8211; od 21.12. do 04.01.2025:\u00a0 <a href=\"https:\/\/zupnija-knezak.rkc.si\/dokumenti\/oznanilo-372.pdf\" target=\"_blank\" rel=\"noopener noreferrer\">klikni tukaj za ogled<\/a><\/span><\/p>\n<p><span style=\"font-size: 14pt;\">\u017dupnijsko oznanilo 371 &#8211; od 07.12. do 21.12.2025:\u00a0 <a href=\"https:\/\/zupnija-knezak.rkc.si\/dokumenti\/oznanilo-371.pdf\" target=\"_blank\" rel=\"noopener noreferrer\">klikni tukaj za ogled<\/a><\/span><\/p>\n<p>&nbsp;<\/p>\n","protected":false},"excerpt":{"rendered":"<p>Preberite Oznanilo \u2013 glasilo \u017eupnije Kne\u017eak. S klikom na povezavo jih lahko prenesete v PDF obliki. TELEFONI BOLNI\u0160KIH DUHOVNIKOV V \u0160KOFIJI KOPER: klikni tukaj za ogled \u017dupnijsko oznanilo 381 &#8211; od 26.04. do 10.05.2026:\u00a0 klikni tukaj za ogled \u017dupnijsko oznanilo 380 &#8211; od 12.04. do 26.04.2026:\u00a0 klikni tukaj za ogled \u017dupnijsko oznanilo 379 &#8211; od <a class=\"read-more\" href=\"http:\/\/zupnija-knezak.rkc.si\/index.php\/oznanila\/\">Preberi ve\u010d<\/a><\/p>\n","protected":false},"author":2,"featured_media":41,"parent":0,"menu_order":0,"comment_status":"closed","ping_status":"closed","template":"","meta":{"footnotes":""},"class_list":["post-9","page","type-page","status-publish","has-post-thumbnail","hentry"],"_links":{"self":[{"href":"http:\/\/zupnija-knezak.rkc.si\/index.php\/wp-json\/wp\/v2\/pages\/9","targetHints":{"allow":["GET"]}}],"collection":[{"href":"http:\/\/zupnija-knezak.rkc.si\/index.php\/wp-json\/wp\/v2\/pages"}],"about":[{"href":"http:\/\/zupnija-knezak.rkc.si\/index.php\/wp-json\/wp\/v2\/types\/page"}],"author":[{"embeddable":true,"href":"http:\/\/zupnija-knezak.rkc.si\/index.php\/wp-json\/wp\/v2\/users\/2"}],"replies":[{"embeddable":true,"href":"http:\/\/zupnija-knezak.rkc.si\/index.php\/wp-json\/wp\/v2\/comments?post=9"}],"version-history":[{"count":219,"href":"http:\/\/zupnija-knezak.rkc.si\/index.php\/wp-json\/wp\/v2\/pages\/9\/revisions"}],"predecessor-version":[{"id":1700,"href":"http:\/\/zupnija-knezak.rkc.si\/index.php\/wp-json\/wp\/v2\/pages\/9\/revisions\/1700"}],"wp:featuredmedia":[{"embeddable":true,"href":"http:\/\/zupnija-knezak.rkc.si\/index.php\/wp-json\/wp\/v2\/media\/41"}],"wp:attachment":[{"href":"http:\/\/zupnija-knezak.rkc.si\/index.php\/wp-json\/wp\/v2\/media?parent=9"}],"curies":[{"name":"wp","href":"https:\/\/api.w.org\/{rel}","templated":true}]}}