{"id":17,"date":"2018-09-25T09:25:15","date_gmt":"2018-09-25T09:25:15","guid":{"rendered":"https:\/\/zupnija-knezak.rkc.si\/?page_id=17"},"modified":"2024-11-02T20:18:12","modified_gmt":"2024-11-02T18:18:12","slug":"zupnisce","status":"publish","type":"page","link":"https:\/\/zupnija-knezak.rkc.si\/index.php\/zupnisce\/","title":{"rendered":"\u017dupni\u0161\u010de"},"content":{"rendered":"<div class=\"block-info\">\n<div class=\"content\">\n<p><strong><span style=\"font-family: arial, helvetica, sans-serif; font-size: 14pt;\">\u017dupnijski urad Kne\u017eak<\/span><\/strong><\/p>\n<p><span style=\"font-family: arial, helvetica, sans-serif; font-size: 14pt;\">\u017eupnik Alojz Milhar\u010di\u010d<\/span><\/p>\n<p><span style=\"font-family: arial, helvetica, sans-serif; font-size: 14pt;\">Kne\u017eak 151<\/span><\/p>\n<p><span style=\"font-family: arial, helvetica, sans-serif; font-size: 14pt;\">6253 Kne\u017eak<\/span><\/p>\n<p><span style=\"font-family: arial, helvetica, sans-serif; font-size: 14pt;\">Tel.: 05 919 5641, GSM: 041 338 915<\/span><\/p>\n<p><span style=\"font-family: arial, helvetica, sans-serif; font-size: 14pt;\">e-mail:\u00a0zupnija.knezak@gmail.com<\/span><\/p>\n<p><span style=\"font-family: arial, helvetica, sans-serif; font-size: 14pt;\">TRR: SI56 0432 1000 2903718\u00a0 NOVA KBM d.d.<\/span><\/p>\n<hr \/>\n<\/div>\n<p><strong><span style=\"font-size: 14pt;\">TELEFONI BOLNI\u0160KIH DUHOVNIKOV V \u0160KOFIJI KOPER<\/span><\/strong><br \/>\n<span style=\"font-size: 14pt;\">Psihiatri\u010dna bolni\u0161nica Idrija: 05\/372 00 07, 41 622 480<\/span><br \/>\n<span style=\"font-size: 14pt;\">Splo\u0161na bolni\u0161nica Izola: 031 318 814, 031 337 694, 040 207 509<\/span><br \/>\n<span style=\"font-size: 14pt;\">Bolni\u0161nica za \u017eenske bolezni in porodni\u0161tvo Postojna: 041 379 468<\/span><br \/>\n<span style=\"font-size: 14pt;\">Bolni\u0161nica za zdravljenje in rehabilitacijo plju\u010dnih<\/span> <span style=\"font-size: 14pt;\">bolnikov Se\u017eana: 041 499 471<\/span><br \/>\n<span style=\"font-size: 14pt;\">Splo\u0161na bolni\u0161nica: dr. Franca Derganca Nova Gorica: 031 742 373, <\/span><span style=\"font-size: 14pt;\">069 985 790<\/span><br \/>\n<span style=\"font-size: 14pt;\">Ortopedska bolni\u0161nica Valdoltra: 041 243 278<\/span><br \/>\n<span style=\"font-size: 14pt;\">&#8212;&#8212;&#8212;&#8212;&#8212;&#8212;&#8212;&#8212;&#8212;&#8212;&#8212;&#8212;&#8212;&#8212;&#8212;&#8212;&#8212;&#8212;&#8212;&#8212;&#8212;&#8212;&#8212;&#8212;&#8212;&#8212;&#8212;&#8212;&#8212;&#8212;&#8212;-<\/span><br \/>\n<span style=\"font-size: 14pt;\">UKC in Okolo\u0161ki in\u0161titut Ljubljana: 041 613 378<\/span><\/p>\n<\/div>\n","protected":false},"excerpt":{"rendered":"<p>\u017dupnijski urad Kne\u017eak \u017eupnik Alojz Milhar\u010di\u010d Kne\u017eak 151 6253 Kne\u017eak Tel.: 05 919 5641, GSM: 041 338 915 e-mail:\u00a0zupnija.knezak@gmail.com TRR: SI56 0432 1000 2903718\u00a0 NOVA KBM d.d. TELEFONI BOLNI\u0160KIH DUHOVNIKOV V \u0160KOFIJI KOPER Psihiatri\u010dna bolni\u0161nica Idrija: 05\/372 00 07, 41 622 480 Splo\u0161na bolni\u0161nica Izola: 031 318 814, 031 337 694, 040 207 509 Bolni\u0161nica <a class=\"read-more\" href=\"https:\/\/zupnija-knezak.rkc.si\/index.php\/zupnisce\/\">Preberi ve\u010d<\/a><\/p>\n","protected":false},"author":2,"featured_media":0,"parent":0,"menu_order":0,"comment_status":"closed","ping_status":"closed","template":"","meta":{"footnotes":""},"class_list":["post-17","page","type-page","status-publish","hentry"],"_links":{"self":[{"href":"https:\/\/zupnija-knezak.rkc.si\/index.php\/wp-json\/wp\/v2\/pages\/17","targetHints":{"allow":["GET"]}}],"collection":[{"href":"https:\/\/zupnija-knezak.rkc.si\/index.php\/wp-json\/wp\/v2\/pages"}],"about":[{"href":"https:\/\/zupnija-knezak.rkc.si\/index.php\/wp-json\/wp\/v2\/types\/page"}],"author":[{"embeddable":true,"href":"https:\/\/zupnija-knezak.rkc.si\/index.php\/wp-json\/wp\/v2\/users\/2"}],"replies":[{"embeddable":true,"href":"https:\/\/zupnija-knezak.rkc.si\/index.php\/wp-json\/wp\/v2\/comments?post=17"}],"version-history":[{"count":7,"href":"https:\/\/zupnija-knezak.rkc.si\/index.php\/wp-json\/wp\/v2\/pages\/17\/revisions"}],"predecessor-version":[{"id":1401,"href":"https:\/\/zupnija-knezak.rkc.si\/index.php\/wp-json\/wp\/v2\/pages\/17\/revisions\/1401"}],"wp:attachment":[{"href":"https:\/\/zupnija-knezak.rkc.si\/index.php\/wp-json\/wp\/v2\/media?parent=17"}],"curies":[{"name":"wp","href":"https:\/\/api.w.org\/{rel}","templated":true}]}}